{"id":83,"date":"2021-11-07T18:39:17","date_gmt":"2021-11-07T16:39:17","guid":{"rendered":"https:\/\/www.podden.fi\/blog\/?page_id=83"},"modified":"2021-11-17T16:28:18","modified_gmt":"2021-11-17T14:28:18","slug":"podden","status":"publish","type":"page","link":"https:\/\/www.podden.fi\/blog\/","title":{"rendered":"Podden om minnet"},"content":{"rendered":"\n<p><iframe loading=\"lazy\" src=\"https:\/\/spark.adobe.com\/video\/cNEHaxr5Eimn4\/embed\" width=\"960\" height=\"540\" frameborder=\"0\" allowfullscreen=\"\"><\/iframe> <\/p>\n\n\n\n<p class=\"has-text-align-justify has-medium-font-size\">Serien av program i podden ber\u00f6r minnessjukdomar, livet med minnessjukdom och livet med personer med minnessjukdom. Vi talar ocks\u00e5 om hj\u00e4rnh\u00e4lsa mer generellt.&nbsp;&nbsp;<\/p>\n\n\n\n<p class=\"has-text-align-justify has-medium-font-size\">Vi har t\u00e4nkt oss att m\u00e5lgruppen f\u00f6r samtalen \u00e4r personer med minnessjukdomar,&nbsp;deras n\u00e4ra och k\u00e4ra, anh\u00f6riga och v\u00e4nner samt v\u00e5rdpersonal. En speciell m\u00e5lgrupp \u00e4r st\u00f6dgruppsverksamheten i anknytning till v\u00e5rt tema. Vi vill vara informativa och lite underh\u00e5llande, samtidigt.<\/p>\n\n\n\n<p class=\"has-text-align-justify has-medium-font-size\">V\u00e5ra program \u00e4r r\u00e4tt korta och inneh\u00e5ller t.ex. en grund f\u00f6r fortsatt diskussion. I vissa avsnitt finns ocks\u00e5 aktiviteter som man kan g\u00f6ra tillsammans. De kan ocks\u00e5 g\u00f6ras ensam eller utanf\u00f6r st\u00f6dgrupper \u2013 de \u00e4r sm\u00e5 l\u00e4ttsamma \u00f6vningar som vem som helst kan ha nytta, men ocks\u00e5 gl\u00e4dje av.&nbsp;&nbsp;<br><br><br><br><\/p>\n\n\n\n<div class=\"wp-block-image is-style-editorskit-circular\"><figure class=\"aligncenter size-large is-resized\"><img loading=\"lazy\" decoding=\"async\" src=\"https:\/\/www.podden.fi\/blog\/wp-content\/uploads\/2021\/11\/IMG_4048-1024x1024.jpeg\" alt=\"\" class=\"wp-image-160\" width=\"346\" height=\"346\"\/><\/figure><\/div>\n","protected":false},"excerpt":{"rendered":"excerpt","protected":false},"author":1,"featured_media":0,"parent":0,"menu_order":0,"comment_status":"closed","ping_status":"closed","template":"","meta":{"_editorskit_title_hidden":false,"_editorskit_reading_time":1,"_editorskit_is_block_options_detached":false,"_editorskit_block_options_position":"{}","episode_type":"","audio_file":"","transcript_file":"","cover_image":"","cover_image_id":"","duration":"","filesize":"","date_recorded":"","explicit":"","block":"","filesize_raw":"","footnotes":""},"class_list":["post-83","page","type-page","status-publish","hentry"],"yoast_head":"<!-- This site is optimized with the Yoast SEO plugin v17.6 - https:\/\/yoast.com\/wordpress\/plugins\/seo\/ -->\n<title>Podden om minnet &ndash; Podden.fi<\/title>\n<meta name=\"robots\" content=\"index, follow, max-snippet:-1, max-image-preview:large, max-video-preview:-1\" \/>\n<link rel=\"canonical\" href=\"https:\/\/www.podden.fi\/blog\/\" \/>\n<meta property=\"og:locale\" content=\"sv_SE\" \/>\n<meta property=\"og:type\" content=\"article\" \/>\n<meta property=\"og:title\" content=\"Podden om minnet &ndash; Podden.fi\" \/>\n<meta property=\"og:description\" content=\"Serien av program i podden ber\u00f6r minnessjukdomar, livet med minnessjukdom och livet med personer med minnessjukdom. Vi talar ocks\u00e5 om hj\u00e4rnh\u00e4lsa mer generellt.&nbsp;&nbsp; Vi har t\u00e4nkt oss att m\u00e5lgruppen f\u00f6r samtalen \u00e4r personer med minnessjukdomar,&nbsp;deras n\u00e4ra och k\u00e4ra, anh\u00f6riga och v\u00e4nner samt v\u00e5rdpersonal. En speciell m\u00e5lgrupp \u00e4r st\u00f6dgruppsverksamheten i anknytning till v\u00e5rt tema. Vi vill &hellip; Forts\u00e4tt l\u00e4sa \u201dPodden om minnet\u201d\" \/>\n<meta property=\"og:url\" content=\"https:\/\/www.podden.fi\/blog\/\" \/>\n<meta property=\"og:site_name\" content=\"Podden.fi\" \/>\n<meta property=\"article:modified_time\" content=\"2021-11-17T14:28:18+00:00\" \/>\n<meta property=\"og:image\" content=\"http:\/\/www.podden.fi\/blog\/wp-content\/uploads\/2021\/11\/IMG_4048-1024x1024.jpeg\" \/>\n<meta name=\"twitter:card\" content=\"summary_large_image\" \/>\n<meta name=\"twitter:label1\" content=\"Ber\u00e4knad l\u00e4stid\" \/>\n\t<meta name=\"twitter:data1\" content=\"1 minut\" \/>\n<script type=\"application\/ld+json\" class=\"yoast-schema-graph\">{\"@context\":\"https:\/\/schema.org\",\"@graph\":[{\"@type\":\"Organization\",\"@id\":\"https:\/\/www.podden.fi\/blog\/#organization\",\"name\":\"Podden\",\"url\":\"https:\/\/www.podden.fi\/blog\/\",\"sameAs\":[],\"logo\":{\"@type\":\"ImageObject\",\"@id\":\"https:\/\/www.podden.fi\/blog\/#logo\",\"inLanguage\":\"sv-SE\",\"url\":\"https:\/\/www.podden.fi\/blog\/wp-content\/uploads\/2021\/11\/77221714_padded_logo-e1636404027401.png\",\"contentUrl\":\"https:\/\/www.podden.fi\/blog\/wp-content\/uploads\/2021\/11\/77221714_padded_logo-e1636404027401.png\",\"width\":49,\"height\":58,\"caption\":\"Podden\"},\"image\":{\"@id\":\"https:\/\/www.podden.fi\/blog\/#logo\"}},{\"@type\":\"WebSite\",\"@id\":\"https:\/\/www.podden.fi\/blog\/#website\",\"url\":\"https:\/\/www.podden.fi\/blog\/\",\"name\":\"Podden.fi\",\"description\":\"En pod s&auml;ger mer &auml;n tusen ord\",\"publisher\":{\"@id\":\"https:\/\/www.podden.fi\/blog\/#organization\"},\"potentialAction\":[{\"@type\":\"SearchAction\",\"target\":{\"@type\":\"EntryPoint\",\"urlTemplate\":\"https:\/\/www.podden.fi\/blog\/?s={search_term_string}\"},\"query-input\":\"required name=search_term_string\"}],\"inLanguage\":\"sv-SE\"},{\"@type\":\"ImageObject\",\"@id\":\"https:\/\/www.podden.fi\/blog\/#primaryimage\",\"inLanguage\":\"sv-SE\",\"url\":\"http:\/\/www.podden.fi\/blog\/wp-content\/uploads\/2021\/11\/IMG_4048-1024x1024.jpeg\",\"contentUrl\":\"http:\/\/www.podden.fi\/blog\/wp-content\/uploads\/2021\/11\/IMG_4048-1024x1024.jpeg\"},{\"@type\":\"WebPage\",\"@id\":\"https:\/\/www.podden.fi\/blog\/#webpage\",\"url\":\"https:\/\/www.podden.fi\/blog\/\",\"name\":\"Podden om minnet &ndash; Podden.fi\",\"isPartOf\":{\"@id\":\"https:\/\/www.podden.fi\/blog\/#website\"},\"primaryImageOfPage\":{\"@id\":\"https:\/\/www.podden.fi\/blog\/#primaryimage\"},\"datePublished\":\"2021-11-07T16:39:17+00:00\",\"dateModified\":\"2021-11-17T14:28:18+00:00\",\"breadcrumb\":{\"@id\":\"https:\/\/www.podden.fi\/blog\/#breadcrumb\"},\"inLanguage\":\"sv-SE\",\"potentialAction\":[{\"@type\":\"ReadAction\",\"target\":[\"https:\/\/www.podden.fi\/blog\/\"]}]},{\"@type\":\"BreadcrumbList\",\"@id\":\"https:\/\/www.podden.fi\/blog\/#breadcrumb\",\"itemListElement\":[{\"@type\":\"ListItem\",\"position\":1,\"name\":\"Hem\",\"item\":\"https:\/\/www.podden.fi\/blog\/\"},{\"@type\":\"ListItem\",\"position\":2,\"name\":\"Podden om minnet\"}]}]}<\/script>\n<!-- \/ Yoast SEO plugin. -->","yoast_head_json":{"title":"Podden om minnet &ndash; Podden.fi","robots":{"index":"index","follow":"follow","max-snippet":"max-snippet:-1","max-image-preview":"max-image-preview:large","max-video-preview":"max-video-preview:-1"},"canonical":"https:\/\/www.podden.fi\/blog\/","og_locale":"sv_SE","og_type":"article","og_title":"Podden om minnet &ndash; Podden.fi","og_description":"Serien av program i podden ber\u00f6r minnessjukdomar, livet med minnessjukdom och livet med personer med minnessjukdom. Vi talar ocks\u00e5 om hj\u00e4rnh\u00e4lsa mer generellt.&nbsp;&nbsp; Vi har t\u00e4nkt oss att m\u00e5lgruppen f\u00f6r samtalen \u00e4r personer med minnessjukdomar,&nbsp;deras n\u00e4ra och k\u00e4ra, anh\u00f6riga och v\u00e4nner samt v\u00e5rdpersonal. En speciell m\u00e5lgrupp \u00e4r st\u00f6dgruppsverksamheten i anknytning till v\u00e5rt tema. Vi vill &hellip; Forts\u00e4tt l\u00e4sa \u201dPodden om minnet\u201d","og_url":"https:\/\/www.podden.fi\/blog\/","og_site_name":"Podden.fi","article_modified_time":"2021-11-17T14:28:18+00:00","og_image":[{"url":"http:\/\/www.podden.fi\/blog\/wp-content\/uploads\/2021\/11\/IMG_4048-1024x1024.jpeg"}],"twitter_card":"summary_large_image","twitter_misc":{"Ber\u00e4knad l\u00e4stid":"1 minut"},"schema":{"@context":"https:\/\/schema.org","@graph":[{"@type":"Organization","@id":"https:\/\/www.podden.fi\/blog\/#organization","name":"Podden","url":"https:\/\/www.podden.fi\/blog\/","sameAs":[],"logo":{"@type":"ImageObject","@id":"https:\/\/www.podden.fi\/blog\/#logo","inLanguage":"sv-SE","url":"https:\/\/www.podden.fi\/blog\/wp-content\/uploads\/2021\/11\/77221714_padded_logo-e1636404027401.png","contentUrl":"https:\/\/www.podden.fi\/blog\/wp-content\/uploads\/2021\/11\/77221714_padded_logo-e1636404027401.png","width":49,"height":58,"caption":"Podden"},"image":{"@id":"https:\/\/www.podden.fi\/blog\/#logo"}},{"@type":"WebSite","@id":"https:\/\/www.podden.fi\/blog\/#website","url":"https:\/\/www.podden.fi\/blog\/","name":"Podden.fi","description":"En pod s&auml;ger mer &auml;n tusen ord","publisher":{"@id":"https:\/\/www.podden.fi\/blog\/#organization"},"potentialAction":[{"@type":"SearchAction","target":{"@type":"EntryPoint","urlTemplate":"https:\/\/www.podden.fi\/blog\/?s={search_term_string}"},"query-input":"required name=search_term_string"}],"inLanguage":"sv-SE"},{"@type":"ImageObject","@id":"https:\/\/www.podden.fi\/blog\/#primaryimage","inLanguage":"sv-SE","url":"http:\/\/www.podden.fi\/blog\/wp-content\/uploads\/2021\/11\/IMG_4048-1024x1024.jpeg","contentUrl":"http:\/\/www.podden.fi\/blog\/wp-content\/uploads\/2021\/11\/IMG_4048-1024x1024.jpeg"},{"@type":"WebPage","@id":"https:\/\/www.podden.fi\/blog\/#webpage","url":"https:\/\/www.podden.fi\/blog\/","name":"Podden om minnet &ndash; Podden.fi","isPartOf":{"@id":"https:\/\/www.podden.fi\/blog\/#website"},"primaryImageOfPage":{"@id":"https:\/\/www.podden.fi\/blog\/#primaryimage"},"datePublished":"2021-11-07T16:39:17+00:00","dateModified":"2021-11-17T14:28:18+00:00","breadcrumb":{"@id":"https:\/\/www.podden.fi\/blog\/#breadcrumb"},"inLanguage":"sv-SE","potentialAction":[{"@type":"ReadAction","target":["https:\/\/www.podden.fi\/blog\/"]}]},{"@type":"BreadcrumbList","@id":"https:\/\/www.podden.fi\/blog\/#breadcrumb","itemListElement":[{"@type":"ListItem","position":1,"name":"Hem","item":"https:\/\/www.podden.fi\/blog\/"},{"@type":"ListItem","position":2,"name":"Podden om minnet"}]}]}},"_links":{"self":[{"href":"https:\/\/www.podden.fi\/blog\/wp-json\/wp\/v2\/pages\/83","targetHints":{"allow":["GET"]}}],"collection":[{"href":"https:\/\/www.podden.fi\/blog\/wp-json\/wp\/v2\/pages"}],"about":[{"href":"https:\/\/www.podden.fi\/blog\/wp-json\/wp\/v2\/types\/page"}],"author":[{"embeddable":true,"href":"https:\/\/www.podden.fi\/blog\/wp-json\/wp\/v2\/users\/1"}],"replies":[{"embeddable":true,"href":"https:\/\/www.podden.fi\/blog\/wp-json\/wp\/v2\/comments?post=83"}],"version-history":[{"count":24,"href":"https:\/\/www.podden.fi\/blog\/wp-json\/wp\/v2\/pages\/83\/revisions"}],"predecessor-version":[{"id":378,"href":"https:\/\/www.podden.fi\/blog\/wp-json\/wp\/v2\/pages\/83\/revisions\/378"}],"wp:attachment":[{"href":"https:\/\/www.podden.fi\/blog\/wp-json\/wp\/v2\/media?parent=83"}],"curies":[{"name":"wp","href":"https:\/\/api.w.org\/{rel}","templated":true}]}}