{"id":8,"date":"2021-10-11T18:29:32","date_gmt":"2021-10-11T15:29:32","guid":{"rendered":"http:\/\/www.podden.fi\/blog\/?page_id=8"},"modified":"2021-11-16T01:24:06","modified_gmt":"2021-11-15T23:24:06","slug":"om","status":"publish","type":"page","link":"https:\/\/www.podden.fi\/blog\/om\/","title":{"rendered":"Medverkande"},"content":{"rendered":"\n<h2 class=\"wp-block-heading\">Peter Bj\u00f6rkroth &#8211; Programv\u00e4rd<\/h2>\n\n\n\n<p class=\"has-text-align-justify has-medium-font-size\" style=\"line-height:1.7\">F\u00f6r ett par \u00e5r sedan blev jag intresserad av poddar, eller podcaster som Svenska Akademiens ordlista rekommenderar att man s\u00e4ger. Jag tycker poddar kan vara underh\u00e5llande, upplysande och undervisande \u2013 allt p\u00e5 en g\u00e5ng, eller turvis. Via studier i media management kom jag in i projektet&nbsp;<em>Erfarenhetsmentorer f\u00f6r n\u00e4rst\u00e5endev\u00e5rdare<\/em>&nbsp;och gjorde n\u00e5gra poddar i anknytning till det temat. Och det ena ledde till det andra, och nu har jag haft gl\u00e4djen att f\u00e5 vara med och skapa Minnespodden. Jag \u00e4r glad att du har hittat hit!&nbsp;&nbsp;<\/p>\n\n\n\n<p class=\"has-text-align-justify has-medium-font-size\">Jag \u00e4r en kring femtio\u00e5ring som bor i \u00c5bo. Till vardags arbetar jag som l\u00e4rare vid yrkesh\u00f6gskolan Novia. Inte med v\u00e5rd eller media, utan inom sj\u00f6fart. Spr\u00e5k och kommunikation \u00e4r ett av mina omr\u00e5den men jag medverkar ocks\u00e5 en hel del med i olika projekt, bland annat studerandes examensarbeten. I takt med samh\u00e4llsutvecklingen har jag allt mer f\u00e5tt uppfattningen att h\u00f6gskolearbete n\u00e4rmar sig mediebranschen.&nbsp;<\/p>\n\n\n\n<p class=\"has-text-align-justify has-medium-font-size\">Lite mera om mig p\u00e5 <a href=\"https:\/\/www.linkedin.com\/in\/peter-bj\u00f6rkroth-4698792a\/\" target=\"_blank\" rel=\"noreferrer noopener\">Linkedln<\/a><\/p>\n\n\n\n<p class=\"has-text-align-justify has-medium-font-size\">Projektet jag n\u00e4mner kan du l\u00e4sa mer om h\u00e4r: <a href=\"https:\/\/www.abo.fi\/projekt\/erfarenhetsmentorer-for-narstaendevardare\/\" target=\"_blank\" rel=\"noreferrer noopener\">Erfarenhetsmentorer<\/a><a href=\"https:\/\/www.abo.fi\/projekt\/erfarenhetsmentorer-for-narstaendevardare\/\"> f\u00f6r n\u00e4rst\u00e5ende<\/a><\/p>\n\n\n\n<h2 class=\"wp-block-heading\">Gerd Hakalax<\/h2>\n\n\n\n<p class=\"has-text-align-justify has-medium-font-size\">Jag \u00e4r utbildad sjuksk\u00f6tare, arbetar som minneshandledare och projektkoordinator f\u00f6r den svenskspr\u00e5kiga verksamheten vid Egentliga Finlands Minnesf\u00f6rening.&nbsp;<\/p>\n\n\n\n<p class=\"has-text-align-justify has-medium-font-size\">Minnes\u00e4renden har redan sedan studietiden intresserat mig och jag har sedan dess kommit i kontakt med minnes\u00e4renden och minnesfamiljer i flera olika kontexter.&nbsp;<\/p>\n\n\n\n<p class=\"has-text-align-justify has-medium-font-size\">Minnesarbetet idag innefattar forts\u00e4ttningsvis ett attitydarbete, som \u00e4r viktigt f\u00f6r att g\u00f6ra Finland mera minnesv\u00e4nligt.&nbsp;Jag vill leva i ett Finland d\u00e4r vi kan prata \u00f6ppet och utan skam kring hj\u00e4rnh\u00e4lsa och minnessjukdomar. Jag \u00e4r glad \u00f6ver att jag f\u00e5tt medverka i podcasterna i Minnespodden, som ett led i att \u00f6ka minnesv\u00e4nligheten i v\u00e5rt land.&nbsp;&nbsp;<\/p>\n\n\n\n<p class=\"has-text-align-justify has-medium-font-size\">H\u00e4r hittar du <a href=\"https:\/\/www.muistiturku.fi\/sv\/\" target=\"_blank\" rel=\"noreferrer noopener\" class=\"ek-link\">Egentliga Finlands Minnesf\u00f6rening r.f.<\/a><\/p>\n\n\n\n<h2 class=\"wp-block-heading\">Camilla Lindholm<\/h2>\n\n\n\n<p class=\"has-text-align-justify has-medium-font-size\">Jag \u00e4r professor i nordiska spr\u00e5k vid Tammerfors universitet, och har varit intresserad av att l\u00e4sa och skriva s\u00e5 l\u00e4nge jag kan minnas. Mest intresserad \u00e4r jag av att unders\u00f6ka vad som h\u00e4nder i samtal d\u00e4r n\u00e5gon av deltagarna har s\u00e4mre spr\u00e5kliga och kommunikativa resurser \u00e4n andra, och det \u00e4r d\u00e4rf\u00f6r jag b\u00f6rjade forska i samtal med minnessjuka personer. Det har varit mitt st\u00f6rsta forskningsintresse i ungef\u00e4r femton \u00e5rs tid. Jag har unders\u00f6kt b\u00e5de ord och andra sm\u00e5 detaljer som blickar, gester och miner p\u00e5verkar hur vi f\u00f6rst\u00e5r \u2013 och hur vi kanske inte f\u00f6rst\u00e5r \u2013 varandra. Det har varit ett n\u00f6je f\u00f6r mig att vara med i Minnespodden, och prata om spr\u00e5k och kommunikation, som utg\u00f6r grunden i det att vara m\u00e4nniska. &nbsp;<\/p>\n\n\n\n<p class=\"has-text-align-justify has-medium-font-size\">Du kan l\u00e4s mera om Camillas forskning h\u00e4r: <a href=\"https:\/\/www.tuni.fi\/fi\/camilla-lindholm\" target=\"_blank\" rel=\"noreferrer noopener\">https:\/\/www.tuni.fi\/fi\/camilla-lindholm<\/a><\/p>\n\n\n\n<h2 class=\"wp-block-heading\">Heli Vaartio-Rajalin<\/h2>\n\n\n\n<p class=\"has-medium-font-size\">Heli&nbsp;\u00e4r bitr\u00e4dande professor (tenure track) i gerontologisk v\u00e5rd&nbsp; vid&nbsp;Fakulteten f\u00f6r pedagogik och v\u00e4lf\u00e4rdsstudier, \u00c5bo Akademi.&nbsp;<\/p>\n\n\n\n<p class=\"has-medium-font-size\">Du kan bekanta dig med Helis forskning h\u00e4r:&nbsp;<a href=\"https:\/\/research.abo.fi\/en\/persons\/heli-vaartio-rajalin\" target=\"_blank\" rel=\"noreferrer noopener\">https:\/\/research.abo.fi\/en\/persons\/heli-vaartio-rajalin<\/a><\/p>\n\n\n\n<h2 class=\"wp-block-heading\">Marianne Maans<\/h2>\n\n\n\n<p class=\"has-text-align-justify has-medium-font-size\">Marianne presenterar sig som musiker och mental tr\u00e4nare. S\u00e5 h\u00e4r beskriver hon sin musik: &nbsp;<\/p>\n\n\n\n<h5 class=\"has-medium-font-size wp-block-heading\">Min musik&nbsp;&#8211; Fiol och s\u00e5ng&nbsp;<\/h5>\n\n\n\n<p class=\"has-text-align-justify has-medium-font-size\">Min musik best\u00e5r av folkmusik, barnmusik, koraler och tidig kyrkomusik. \u00c4ven \u00e4ldre underh\u00e5llningsmusik och k\u00e4nslostarka tangon har en alldeles egen plats i mitt hj\u00e4rta. &nbsp;<\/p>\n\n\n\n<p class=\"has-text-align-justify has-medium-font-size\">Den finlandssvenska folkmusiken med sina vildvuxna menuetter, polskor och folkvisor \u00e4r ett specialomr\u00e5de som jag utforskat under hela mitt liv. Den sakrala musiken inbjuder till stillhet, medan barnmusiken ger lekfullhet och skratt!&nbsp;<\/p>\n\n\n\n<p class=\"has-medium-font-size\">Marianne och hennes verksamhet kan du bekanta dig med p\u00e5 <a href=\"https:\/\/mariannemaans.com\/language\/sv\/\" target=\"_blank\" rel=\"noreferrer noopener\" class=\"ek-link\">hennes hemsida<\/a><\/p>\n\n\n\n<h2 class=\"wp-block-heading\">Matias Andersson<\/h2>\n\n\n\n<p class=\"has-text-align-justify has-medium-font-size\">Kocken Matias Andersson kan du bekanta dig med i en blogg d\u00e4r hans sp\u00e4nnande husprojekt presenteras \u2013 <a href=\"http:\/\/www.toukolaakso.fi\/tag\/turun-sanomat\/\" target=\"_blank\" rel=\"noreferrer noopener\">Toukolaakso<\/a><\/p>\n\n\n\n<hr class=\"wp-block-separator is-style-wide\"\/>\n\n\n\n<h2 class=\"wp-block-heading\">Kati Sandstr\u00f6m<\/h2>\n\n\n\n<p class=\"has-text-align-justify has-medium-font-size\">Jag \u00e4r arbetar som l\u00e4rare vid yrkesh\u00f6gskolan Novia och \u00e4r allts\u00e5 kollega till Peter. Jag har k\u00e4nt Peter i m\u00e5nga \u00e5r och vi tr\u00e4ffades egentligen vid bridgebordet. Vi har spelat en hel del b\u00e5de med och mot varandra p\u00e5 bridgeklubbar, p\u00e5 n\u00e4tet och i t\u00e4vlingar. Bridge \u00e4r ett spel som st\u00f6der minnet och rekommenderas varmt f\u00f6r b\u00e5de \u00e4ldre och yngre.<\/p>\n\n\n\n<p class=\"has-text-align-justify has-medium-font-size\">Till mina intressen h\u00f6r ocks\u00e5 datorer och IT och jag medverkar som webbansvarig i det h\u00e4r projektet.<\/p>\n","protected":false},"excerpt":{"rendered":"excerpt","protected":false},"author":1,"featured_media":0,"parent":0,"menu_order":0,"comment_status":"closed","ping_status":"closed","template":"","meta":{"_editorskit_title_hidden":false,"_editorskit_reading_time":2,"_editorskit_is_block_options_detached":false,"_editorskit_block_options_position":"{}","episode_type":"","audio_file":"","transcript_file":"","cover_image":"","cover_image_id":"","duration":"","filesize":"","date_recorded":"","explicit":"","block":"","filesize_raw":"","footnotes":""},"class_list":["post-8","page","type-page","status-publish","hentry"],"yoast_head":"<!-- This site is optimized with the Yoast SEO plugin v17.6 - https:\/\/yoast.com\/wordpress\/plugins\/seo\/ -->\n<title>Medverkande &ndash; Podden.fi<\/title>\n<meta name=\"robots\" content=\"index, follow, max-snippet:-1, max-image-preview:large, max-video-preview:-1\" \/>\n<link rel=\"canonical\" href=\"https:\/\/www.podden.fi\/blog\/om\/\" \/>\n<meta property=\"og:locale\" content=\"sv_SE\" \/>\n<meta property=\"og:type\" content=\"article\" \/>\n<meta property=\"og:title\" content=\"Medverkande &ndash; Podden.fi\" \/>\n<meta property=\"og:description\" content=\"Peter Bj\u00f6rkroth &#8211; Programv\u00e4rd F\u00f6r ett par \u00e5r sedan blev jag intresserad av poddar, eller podcaster som Svenska Akademiens ordlista rekommenderar att man s\u00e4ger. Jag tycker poddar kan vara underh\u00e5llande, upplysande och undervisande \u2013 allt p\u00e5 en g\u00e5ng, eller turvis. Via studier i media management kom jag in i projektet&nbsp;Erfarenhetsmentorer f\u00f6r n\u00e4rst\u00e5endev\u00e5rdare&nbsp;och gjorde n\u00e5gra poddar &hellip; Forts\u00e4tt l\u00e4sa \u201dMedverkande\u201d\" \/>\n<meta property=\"og:url\" content=\"https:\/\/www.podden.fi\/blog\/om\/\" \/>\n<meta property=\"og:site_name\" content=\"Podden.fi\" \/>\n<meta property=\"article:modified_time\" content=\"2021-11-15T23:24:06+00:00\" \/>\n<meta name=\"twitter:card\" content=\"summary_large_image\" \/>\n<meta name=\"twitter:label1\" content=\"Ber\u00e4knad l\u00e4stid\" \/>\n\t<meta name=\"twitter:data1\" content=\"3 minuter\" \/>\n<script type=\"application\/ld+json\" class=\"yoast-schema-graph\">{\"@context\":\"https:\/\/schema.org\",\"@graph\":[{\"@type\":\"Organization\",\"@id\":\"https:\/\/www.podden.fi\/blog\/#organization\",\"name\":\"Podden\",\"url\":\"https:\/\/www.podden.fi\/blog\/\",\"sameAs\":[],\"logo\":{\"@type\":\"ImageObject\",\"@id\":\"https:\/\/www.podden.fi\/blog\/#logo\",\"inLanguage\":\"sv-SE\",\"url\":\"https:\/\/www.podden.fi\/blog\/wp-content\/uploads\/2021\/11\/77221714_padded_logo-e1636404027401.png\",\"contentUrl\":\"https:\/\/www.podden.fi\/blog\/wp-content\/uploads\/2021\/11\/77221714_padded_logo-e1636404027401.png\",\"width\":49,\"height\":58,\"caption\":\"Podden\"},\"image\":{\"@id\":\"https:\/\/www.podden.fi\/blog\/#logo\"}},{\"@type\":\"WebSite\",\"@id\":\"https:\/\/www.podden.fi\/blog\/#website\",\"url\":\"https:\/\/www.podden.fi\/blog\/\",\"name\":\"Podden.fi\",\"description\":\"En pod s&auml;ger mer &auml;n tusen ord\",\"publisher\":{\"@id\":\"https:\/\/www.podden.fi\/blog\/#organization\"},\"potentialAction\":[{\"@type\":\"SearchAction\",\"target\":{\"@type\":\"EntryPoint\",\"urlTemplate\":\"https:\/\/www.podden.fi\/blog\/?s={search_term_string}\"},\"query-input\":\"required name=search_term_string\"}],\"inLanguage\":\"sv-SE\"},{\"@type\":\"WebPage\",\"@id\":\"https:\/\/www.podden.fi\/blog\/om\/#webpage\",\"url\":\"https:\/\/www.podden.fi\/blog\/om\/\",\"name\":\"Medverkande &ndash; Podden.fi\",\"isPartOf\":{\"@id\":\"https:\/\/www.podden.fi\/blog\/#website\"},\"datePublished\":\"2021-10-11T15:29:32+00:00\",\"dateModified\":\"2021-11-15T23:24:06+00:00\",\"breadcrumb\":{\"@id\":\"https:\/\/www.podden.fi\/blog\/om\/#breadcrumb\"},\"inLanguage\":\"sv-SE\",\"potentialAction\":[{\"@type\":\"ReadAction\",\"target\":[\"https:\/\/www.podden.fi\/blog\/om\/\"]}]},{\"@type\":\"BreadcrumbList\",\"@id\":\"https:\/\/www.podden.fi\/blog\/om\/#breadcrumb\",\"itemListElement\":[{\"@type\":\"ListItem\",\"position\":1,\"name\":\"Hem\",\"item\":\"https:\/\/www.podden.fi\/blog\/\"},{\"@type\":\"ListItem\",\"position\":2,\"name\":\"Medverkande\"}]}]}<\/script>\n<!-- \/ Yoast SEO plugin. -->","yoast_head_json":{"title":"Medverkande &ndash; Podden.fi","robots":{"index":"index","follow":"follow","max-snippet":"max-snippet:-1","max-image-preview":"max-image-preview:large","max-video-preview":"max-video-preview:-1"},"canonical":"https:\/\/www.podden.fi\/blog\/om\/","og_locale":"sv_SE","og_type":"article","og_title":"Medverkande &ndash; Podden.fi","og_description":"Peter Bj\u00f6rkroth &#8211; Programv\u00e4rd F\u00f6r ett par \u00e5r sedan blev jag intresserad av poddar, eller podcaster som Svenska Akademiens ordlista rekommenderar att man s\u00e4ger. Jag tycker poddar kan vara underh\u00e5llande, upplysande och undervisande \u2013 allt p\u00e5 en g\u00e5ng, eller turvis. Via studier i media management kom jag in i projektet&nbsp;Erfarenhetsmentorer f\u00f6r n\u00e4rst\u00e5endev\u00e5rdare&nbsp;och gjorde n\u00e5gra poddar &hellip; Forts\u00e4tt l\u00e4sa \u201dMedverkande\u201d","og_url":"https:\/\/www.podden.fi\/blog\/om\/","og_site_name":"Podden.fi","article_modified_time":"2021-11-15T23:24:06+00:00","twitter_card":"summary_large_image","twitter_misc":{"Ber\u00e4knad l\u00e4stid":"3 minuter"},"schema":{"@context":"https:\/\/schema.org","@graph":[{"@type":"Organization","@id":"https:\/\/www.podden.fi\/blog\/#organization","name":"Podden","url":"https:\/\/www.podden.fi\/blog\/","sameAs":[],"logo":{"@type":"ImageObject","@id":"https:\/\/www.podden.fi\/blog\/#logo","inLanguage":"sv-SE","url":"https:\/\/www.podden.fi\/blog\/wp-content\/uploads\/2021\/11\/77221714_padded_logo-e1636404027401.png","contentUrl":"https:\/\/www.podden.fi\/blog\/wp-content\/uploads\/2021\/11\/77221714_padded_logo-e1636404027401.png","width":49,"height":58,"caption":"Podden"},"image":{"@id":"https:\/\/www.podden.fi\/blog\/#logo"}},{"@type":"WebSite","@id":"https:\/\/www.podden.fi\/blog\/#website","url":"https:\/\/www.podden.fi\/blog\/","name":"Podden.fi","description":"En pod s&auml;ger mer &auml;n tusen ord","publisher":{"@id":"https:\/\/www.podden.fi\/blog\/#organization"},"potentialAction":[{"@type":"SearchAction","target":{"@type":"EntryPoint","urlTemplate":"https:\/\/www.podden.fi\/blog\/?s={search_term_string}"},"query-input":"required name=search_term_string"}],"inLanguage":"sv-SE"},{"@type":"WebPage","@id":"https:\/\/www.podden.fi\/blog\/om\/#webpage","url":"https:\/\/www.podden.fi\/blog\/om\/","name":"Medverkande &ndash; Podden.fi","isPartOf":{"@id":"https:\/\/www.podden.fi\/blog\/#website"},"datePublished":"2021-10-11T15:29:32+00:00","dateModified":"2021-11-15T23:24:06+00:00","breadcrumb":{"@id":"https:\/\/www.podden.fi\/blog\/om\/#breadcrumb"},"inLanguage":"sv-SE","potentialAction":[{"@type":"ReadAction","target":["https:\/\/www.podden.fi\/blog\/om\/"]}]},{"@type":"BreadcrumbList","@id":"https:\/\/www.podden.fi\/blog\/om\/#breadcrumb","itemListElement":[{"@type":"ListItem","position":1,"name":"Hem","item":"https:\/\/www.podden.fi\/blog\/"},{"@type":"ListItem","position":2,"name":"Medverkande"}]}]}},"_links":{"self":[{"href":"https:\/\/www.podden.fi\/blog\/wp-json\/wp\/v2\/pages\/8","targetHints":{"allow":["GET"]}}],"collection":[{"href":"https:\/\/www.podden.fi\/blog\/wp-json\/wp\/v2\/pages"}],"about":[{"href":"https:\/\/www.podden.fi\/blog\/wp-json\/wp\/v2\/types\/page"}],"author":[{"embeddable":true,"href":"https:\/\/www.podden.fi\/blog\/wp-json\/wp\/v2\/users\/1"}],"replies":[{"embeddable":true,"href":"https:\/\/www.podden.fi\/blog\/wp-json\/wp\/v2\/comments?post=8"}],"version-history":[{"count":36,"href":"https:\/\/www.podden.fi\/blog\/wp-json\/wp\/v2\/pages\/8\/revisions"}],"predecessor-version":[{"id":357,"href":"https:\/\/www.podden.fi\/blog\/wp-json\/wp\/v2\/pages\/8\/revisions\/357"}],"wp:attachment":[{"href":"https:\/\/www.podden.fi\/blog\/wp-json\/wp\/v2\/media?parent=8"}],"curies":[{"name":"wp","href":"https:\/\/api.w.org\/{rel}","templated":true}]}}